{"id":1469,"date":"2026-01-01T09:48:47","date_gmt":"2026-01-01T09:48:47","guid":{"rendered":"https:\/\/datakrag.co.za\/?page_id=1469"},"modified":"2026-01-04T04:47:29","modified_gmt":"2026-01-04T04:47:29","slug":"diensbepalings","status":"publish","type":"page","link":"https:\/\/datakrag.co.za\/af\/terms-of-service-datakrag\/","title":{"rendered":"Diensbepalings \u2013 DataKrag (Edms) Bpk"},"content":{"rendered":"<div data-elementor-type=\"wp-page\" data-elementor-id=\"1469\" class=\"elementor elementor-1469\" data-elementor-post-type=\"page\">\n\t\t\t\t<div class=\"elementor-element elementor-element-5461467b e-flex e-con-boxed e-con e-parent\" data-id=\"5461467b\" data-element_type=\"container\" data-e-type=\"container\">\n\t\t\t\t\t<div class=\"e-con-inner\">\n\t\t<div class=\"elementor-element elementor-element-4bc6ba4b e-con-full elementor-hidden-mobile e-flex e-con e-child\" data-id=\"4bc6ba4b\" data-element_type=\"container\" data-e-type=\"container\">\n\t\t\t\t<\/div>\n\t\t<div class=\"elementor-element elementor-element-5e09a392 e-con-full e-flex e-con e-child\" data-id=\"5e09a392\" data-element_type=\"container\" data-e-type=\"container\">\n\t\t\t\t<div class=\"elementor-element elementor-element-56eaa1a8 elementor-widget elementor-widget-heading\" data-id=\"56eaa1a8\" data-element_type=\"widget\" data-e-type=\"widget\" data-widget_type=\"heading.default\">\n\t\t\t\t<div class=\"elementor-widget-container\">\n\t\t\t\t\t<h5 class=\"elementor-heading-title elementor-size-default\">Diensbepalings \u2013 DataKrag (Edms) Bpk<\/h5>\t\t\t\t<\/div>\n\t\t\t\t<\/div>\n\t\t\t\t<div class=\"elementor-element elementor-element-7dfb0eaa elementor-widget elementor-widget-heading\" data-id=\"7dfb0eaa\" data-element_type=\"widget\" data-e-type=\"widget\" data-widget_type=\"heading.default\">\n\t\t\t\t<div class=\"elementor-widget-container\">\n\t\t\t\t\t<h6 class=\"elementor-heading-title elementor-size-default\">1. Acceptance of Terms<\/h6>\t\t\t\t<\/div>\n\t\t\t\t<\/div>\n\t\t\t\t<div class=\"elementor-element elementor-element-63f440a5 elementor-widget elementor-widget-text-editor\" data-id=\"63f440a5\" data-element_type=\"widget\" data-e-type=\"widget\" data-widget_type=\"text-editor.default\">\n\t\t\t\t<div class=\"elementor-widget-container\">\n\t\t\t\t\t\t\t\t\t<p data-start=\"562\" data-end=\"793\">Deur toegang tot of gebruik van enige DataKrag digitale platform, sagteware of dienste (\"die Diens\"), stem u in om gebonde te wees aan hierdie Diensbepalings en die DataKrag Privaatheidsbeleid. Indien u nie saamstem nie, moet u die gebruik onmiddellik staak.<\/p><p data-start=\"795\" data-end=\"987\">Jy bevestig dat jy ten minste 18 jaar oud is, of dat jy geverifieerde ouerlike of voog se toestemming het waar dit deur die wet vereis word, en dat jy die wettige bevoegdheid het om hierdie Voorwaardes aan te gaan.<\/p>\t\t\t\t\t\t\t\t<\/div>\n\t\t\t\t<\/div>\n\t\t\t\t<div class=\"elementor-element elementor-element-20fd685a elementor-widget elementor-widget-heading\" data-id=\"20fd685a\" data-element_type=\"widget\" data-e-type=\"widget\" data-widget_type=\"heading.default\">\n\t\t\t\t<div class=\"elementor-widget-container\">\n\t\t\t\t\t<h6 class=\"elementor-heading-title elementor-size-default\">2. Beskrywing van Diens<\/h6>\t\t\t\t<\/div>\n\t\t\t\t<\/div>\n\t\t\t\t<div class=\"elementor-element elementor-element-18d57a13 elementor-widget elementor-widget-text-editor\" data-id=\"18d57a13\" data-element_type=\"widget\" data-e-type=\"widget\" data-widget_type=\"text-editor.default\">\n\t\t\t\t<div class=\"elementor-widget-container\">\n\t\t\t\t\t\t\t\t\t<p data-start=\"1026\" data-end=\"1431\">DataKrag (Edms) Bpk. verskaf digitale stelsels, platforms en dienste van ondernemingsgraad wat ontwerp is om gestruktureerde organisasies, instellings en lidmaatskapgebaseerde ekosisteme te ondersteun. Hierdie dienste kan insluit, maar is nie beperk tot, digitale transformasie-konsultasie, lidmaatskap- en administrasiestelsels, data-analise, finansi\u00eble integriteitstelsels, outomatiseringsinstrumente en KI-geaktiveerde operasionele werkvloeie.<\/p><p data-start=\"1433\" data-end=\"1576\">Dienste kan gelewer word as modul\u00eare SaaS-platforms, pasgemaakte stelsels of ge\u00efntegreerde ondernemingsoplossings, afhangende van die kli\u00ebnt se vereistes.<\/p>\t\t\t\t\t\t\t\t<\/div>\n\t\t\t\t<\/div>\n\t\t\t\t<div class=\"elementor-element elementor-element-6b821bc7 elementor-widget elementor-widget-heading\" data-id=\"6b821bc7\" data-element_type=\"widget\" data-e-type=\"widget\" data-widget_type=\"heading.default\">\n\t\t\t\t<div class=\"elementor-widget-container\">\n\t\t\t\t\t<h6 class=\"elementor-heading-title elementor-size-default\">3. Gebruikersrekeninge en toegang<\/h6>\t\t\t\t<\/div>\n\t\t\t\t<\/div>\n\t\t\t\t<div class=\"elementor-element elementor-element-50a70197 elementor-widget elementor-widget-text-editor\" data-id=\"50a70197\" data-element_type=\"widget\" data-e-type=\"widget\" data-widget_type=\"text-editor.default\">\n\t\t\t\t<div class=\"elementor-widget-container\">\n\t\t\t\t\t\t\t\t\t<p data-start=\"1615\" data-end=\"1799\">Sekere DataKrag-dienste vereis gemagtigde gebruikersrekeninge. Gebruikers stem in om akkurate, huidige en volledige inligting te verskaf en die vertroulikheid van aanmeldbesonderhede te handhaaf.<\/p><p data-start=\"1801\" data-end=\"1998\">Alle aktiwiteite wat onder 'n rekening uitgevoer word, bly die verantwoordelikheid van die rekeninghouer of gemagtigde organisasie. Nabootsing, wanvoorstelling of ongemagtigde toegang is streng verbode.<\/p><p data-start=\"2000\" data-end=\"2166\">Deur 'n rekening te skep of te gebruik, stem gebruikers in tot die wettige verwerking van persoonlike en organisatoriese data in ooreenstemming met toepaslike wetgewing oor databeskerming.<\/p>\t\t\t\t\t\t\t\t<\/div>\n\t\t\t\t<\/div>\n\t\t\t\t<div class=\"elementor-element elementor-element-6a5c9ab4 elementor-widget elementor-widget-heading\" data-id=\"6a5c9ab4\" data-element_type=\"widget\" data-e-type=\"widget\" data-widget_type=\"heading.default\">\n\t\t\t\t<div class=\"elementor-widget-container\">\n\t\t\t\t\t<h6 class=\"elementor-heading-title elementor-size-default\">4. Verbode Gebruik<\/h6>\t\t\t\t<\/div>\n\t\t\t\t<\/div>\n\t\t\t\t<div class=\"elementor-element elementor-element-7774b757 elementor-widget elementor-widget-text-editor\" data-id=\"7774b757\" data-element_type=\"widget\" data-e-type=\"widget\" data-widget_type=\"text-editor.default\">\n\t\t\t\t<div class=\"elementor-widget-container\">\n\t\t\t\t\t\t\t\t\t<p data-start=\"2197\" data-end=\"2236\">Gebruikers mag nie DataKrag-dienste gebruik om:<\/p><ul data-start=\"2237\" data-end=\"2600\"><li data-start=\"2237\" data-end=\"2317\"><p data-start=\"2239\" data-end=\"2317\">Oortree enige toepaslike Suid-Afrikaanse, internasionale of sektorspesifieke wette<\/p><\/li><li data-start=\"2318\" data-end=\"2384\"><p data-start=\"2320\" data-end=\"2384\">Verwerk persoonlike of vertroulike data sonder wettige magtiging<\/p><\/li><li data-start=\"2385\" data-end=\"2426\"><p data-start=\"2387\" data-end=\"2426\">Skending van intellektuele eiendomsregte<\/p><\/li><li data-start=\"2427\" data-end=\"2482\"><p data-start=\"2429\" data-end=\"2482\">Ontwrig stelselsekuriteit, integriteit of beskikbaarheid<\/p><\/li><li data-start=\"2483\" data-end=\"2543\"><p data-start=\"2485\" data-end=\"2543\">Laai kwaadwillige sagteware op of probeer ongemagtigde toegang<\/p><\/li><li data-start=\"2544\" data-end=\"2600\"><p data-start=\"2546\" data-end=\"2600\">Verskaf valse, misleidende of bedrieglike inligting<\/p><\/li><\/ul>\t\t\t\t\t\t\t\t<\/div>\n\t\t\t\t<\/div>\n\t\t\t\t<div class=\"elementor-element elementor-element-260cacbb elementor-widget elementor-widget-heading\" data-id=\"260cacbb\" data-element_type=\"widget\" data-e-type=\"widget\" data-widget_type=\"heading.default\">\n\t\t\t\t<div class=\"elementor-widget-container\">\n\t\t\t\t\t<h6 class=\"elementor-heading-title elementor-size-default\">5. Intellektuele Eiendom<\/h6>\t\t\t\t<\/div>\n\t\t\t\t<\/div>\n\t\t\t\t<div class=\"elementor-element elementor-element-75d3c7eb elementor-widget elementor-widget-text-editor\" data-id=\"75d3c7eb\" data-element_type=\"widget\" data-e-type=\"widget\" data-widget_type=\"text-editor.default\">\n\t\t\t\t<div class=\"elementor-widget-container\">\n\t\t\t\t\t\t\t\t\t<p data-start=\"2638\" data-end=\"2797\">Alle DataKrag-platforms, sagteware, dokumentasie, handelsmerk en eie stelsels bly die intellektuele eiendom van <strong data-start=\"2757\" data-end=\"2779\">DataKrag (Edms) Bpk<\/strong> of sy lisensiehouers.<\/p><p data-start=\"2799\" data-end=\"3094\">Kli\u00ebnt- of gebruikergegenereerde inhoud bly die eiendom van die oorspronklike party; deur inhoud deur DataKrag-stelsels in te dien, verleen gebruikers egter aan DataKrag 'n beperkte, nie-eksklusiewe lisensie om sodanige inhoud aan te bied, te verwerk en te vertoon, uitsluitlik met die doel om die gekontrakteerde dienste te lewer.<\/p>\t\t\t\t\t\t\t\t<\/div>\n\t\t\t\t<\/div>\n\t\t\t\t<div class=\"elementor-element elementor-element-66fcbe2b elementor-widget elementor-widget-heading\" data-id=\"66fcbe2b\" data-element_type=\"widget\" data-e-type=\"widget\" data-widget_type=\"heading.default\">\n\t\t\t\t<div class=\"elementor-widget-container\">\n\t\t\t\t\t<h6 class=\"elementor-heading-title elementor-size-default\">6. Beperking van Aanspreeklikheid en Vrywaring<\/h6>\t\t\t\t<\/div>\n\t\t\t\t<\/div>\n\t\t\t\t<div class=\"elementor-element elementor-element-43b0ce1b elementor-widget elementor-widget-text-editor\" data-id=\"43b0ce1b\" data-element_type=\"widget\" data-e-type=\"widget\" data-widget_type=\"text-editor.default\">\n\t\t\t\t<div class=\"elementor-widget-container\">\n\t\t\t\t\t\t\t\t\t<p data-start=\"3146\" data-end=\"3338\">Tot die volle mate wat die wet toelaat, sal DataKrag (Edms) Bpk nie aanspreeklik wees vir indirekte, toevallige, gevolglike of spesiale skade wat voortspruit uit die gebruik of onvermo\u00eb om die Diens te gebruik nie.<\/p><p data-start=\"3340\" data-end=\"3544\">Gebruikers stem in om DataKrag te vrywaar en skadeloos te hou teen eise, verliese of laste wat voortspruit uit misbruik van die platform, oortreding van hierdie Voorwaardes, of onwettige aktiwiteite wat deur die Diens uitgevoer word.<\/p>\t\t\t\t\t\t\t\t<\/div>\n\t\t\t\t<\/div>\n\t\t\t\t<div class=\"elementor-element elementor-element-d217bf3 elementor-widget elementor-widget-heading\" data-id=\"d217bf3\" data-element_type=\"widget\" data-e-type=\"widget\" data-widget_type=\"heading.default\">\n\t\t\t\t<div class=\"elementor-widget-container\">\n\t\t\t\t\t<h6 class=\"elementor-heading-title elementor-size-default\">7. Be\u00ebindiging<\/h6>\t\t\t\t<\/div>\n\t\t\t\t<\/div>\n\t\t\t\t<div class=\"elementor-element elementor-element-62f4feb9 elementor-widget elementor-widget-text-editor\" data-id=\"62f4feb9\" data-element_type=\"widget\" data-e-type=\"widget\" data-widget_type=\"text-editor.default\">\n\t\t\t\t<div class=\"elementor-widget-container\">\n\t\t\t\t\t\t\t\t\t<p>DataKrag behou die reg voor om toegang tot dienste op te skort of te be\u00ebindig waar hierdie Voorwaardes oortree word of waar voortgesette toegang 'n regs-, sekuriteits- of operasionele risiko inhou. Be\u00ebindiging be\u00efnvloed nie oorblywende bepalings met betrekking tot intellektuele eiendom, aanspreeklikheid of heersende wetgewing nie.<\/p>\t\t\t\t\t\t\t\t<\/div>\n\t\t\t\t<\/div>\n\t\t\t\t<\/div>\n\t\t<div class=\"elementor-element elementor-element-10085c12 e-con-full e-flex e-con e-child\" data-id=\"10085c12\" data-element_type=\"container\" data-e-type=\"container\">\n\t\t\t\t<\/div>\n\t\t\t\t\t<\/div>\n\t\t\t\t<\/div>\n\t\t\t\t<\/div>","protected":false},"excerpt":{"rendered":"<p>DataKrag se Diensbepalings beskryf gebruikersverantwoordelikhede, aanvaarbare gebruik, intellektuele eiendom, diensbeskikbaarheid, beperking van aanspreeklikheid, be\u00ebindigingsvoorwaardes en Suid-Afrikaanse toepaslike wetgewing.<\/p>","protected":false},"author":1,"featured_media":1127,"parent":0,"menu_order":0,"comment_status":"closed","ping_status":"closed","template":"elementor_header_footer","meta":{"footnotes":""},"class_list":["post-1469","page","type-page","status-publish","has-post-thumbnail","hentry"],"_links":{"self":[{"href":"https:\/\/datakrag.co.za\/af\/wp-json\/wp\/v2\/pages\/1469","targetHints":{"allow":["GET"]}}],"collection":[{"href":"https:\/\/datakrag.co.za\/af\/wp-json\/wp\/v2\/pages"}],"about":[{"href":"https:\/\/datakrag.co.za\/af\/wp-json\/wp\/v2\/types\/page"}],"author":[{"embeddable":true,"href":"https:\/\/datakrag.co.za\/af\/wp-json\/wp\/v2\/users\/1"}],"replies":[{"embeddable":true,"href":"https:\/\/datakrag.co.za\/af\/wp-json\/wp\/v2\/comments?post=1469"}],"version-history":[{"count":10,"href":"https:\/\/datakrag.co.za\/af\/wp-json\/wp\/v2\/pages\/1469\/revisions"}],"predecessor-version":[{"id":1620,"href":"https:\/\/datakrag.co.za\/af\/wp-json\/wp\/v2\/pages\/1469\/revisions\/1620"}],"wp:featuredmedia":[{"embeddable":true,"href":"https:\/\/datakrag.co.za\/af\/wp-json\/wp\/v2\/media\/1127"}],"wp:attachment":[{"href":"https:\/\/datakrag.co.za\/af\/wp-json\/wp\/v2\/media?parent=1469"}],"curies":[{"name":"wp","href":"https:\/\/api.w.org\/{rel}","templated":true}]}}